{"id":100,"date":"2017-09-11T09:54:02","date_gmt":"2017-09-11T09:54:02","guid":{"rendered":"https:\/\/kulturzentrum-altstadt.de\/?page_id=100"},"modified":"2017-09-20T14:12:11","modified_gmt":"2017-09-20T14:12:11","slug":"altes-kaufhaus","status":"publish","type":"page","link":"https:\/\/kulturzentrum-altstadt.de\/?page_id=100","title":{"rendered":"Altes Kaufhaus"},"content":{"rendered":"<p>Eingebettet zwischen Rathausplatz und Martha-Saalfeld-Platz ist das Alte Kaufhaus mit dem Frank-Loebschen Haus und der Katharinen-Kapelle zum kulturellen Dreh- und Angelpunkt inmitten der sanierten Altstadt geworden.<\/p>\n<p>Tanz, Theater, Kino, Feiern, Essen und Trinken &#8211; vielen Spielarten der Kultur diente das Alte Kaufhaus bereits im Laufe seiner Geschichte. F\u00fcr all dies und noch viel mehr kann und soll es in Zukunft Rahmen sein: ein Ort der kulturellen Vielfalt und Offenheit.<\/p>\n\n\t\t<style type=\"text\/css\">\n\t\t\t#gallery-1 {\n\t\t\t\tmargin: auto;\n\t\t\t}\n\t\t\t#gallery-1 .gallery-item {\n\t\t\t\tfloat: left;\n\t\t\t\tmargin-top: 10px;\n\t\t\t\ttext-align: center;\n\t\t\t\twidth: 25%;\n\t\t\t}\n\t\t\t#gallery-1 img {\n\t\t\t\tborder: 2px solid #cfcfcf;\n\t\t\t}\n\t\t\t#gallery-1 .gallery-caption {\n\t\t\t\tmargin-left: 0;\n\t\t\t}\n\t\t\t\/* see gallery_shortcode() in wp-includes\/media.php *\/\n\t\t<\/style>\n\t\t<div id='gallery-1' class='gallery galleryid-100 gallery-columns-4 gallery-size-thumbnail'><dl class='gallery-item'>\n\t\t\t<dt class='gallery-icon portrait'>\n\t\t\t\t<a href='https:\/\/kulturzentrum-altstadt.de\/wp-content\/uploads\/2017\/09\/AK_mit_Reiter.jpg'><img loading=\"lazy\" decoding=\"async\" width=\"150\" height=\"150\" src=\"https:\/\/kulturzentrum-altstadt.de\/wp-content\/uploads\/2017\/09\/AK_mit_Reiter-150x150.jpg\" class=\"attachment-thumbnail size-thumbnail\" alt=\"\" \/><\/a>\n\t\t\t<\/dt><\/dl><dl class='gallery-item'>\n\t\t\t<dt class='gallery-icon portrait'>\n\t\t\t\t<a href='https:\/\/kulturzentrum-altstadt.de\/wp-content\/uploads\/2017\/09\/AK_mit_Ratskeller.jpg'><img loading=\"lazy\" decoding=\"async\" width=\"150\" height=\"150\" src=\"https:\/\/kulturzentrum-altstadt.de\/wp-content\/uploads\/2017\/09\/AK_mit_Ratskeller-150x150.jpg\" class=\"attachment-thumbnail size-thumbnail\" alt=\"\" \/><\/a>\n\t\t\t<\/dt><\/dl><dl class='gallery-item'>\n\t\t\t<dt class='gallery-icon landscape'>\n\t\t\t\t<a href='https:\/\/kulturzentrum-altstadt.de\/wp-content\/uploads\/2017\/09\/AK_Corona_color.jpg'><img loading=\"lazy\" decoding=\"async\" width=\"150\" height=\"150\" src=\"https:\/\/kulturzentrum-altstadt.de\/wp-content\/uploads\/2017\/09\/AK_Corona_color-150x150.jpg\" class=\"attachment-thumbnail size-thumbnail\" alt=\"\" \/><\/a>\n\t\t\t<\/dt><\/dl><dl class='gallery-item'>\n\t\t\t<dt class='gallery-icon landscape'>\n\t\t\t\t<a href='https:\/\/kulturzentrum-altstadt.de\/wp-content\/uploads\/2017\/09\/AK_Corona_Kino.jpg'><img loading=\"lazy\" decoding=\"async\" width=\"150\" height=\"150\" src=\"https:\/\/kulturzentrum-altstadt.de\/wp-content\/uploads\/2017\/09\/AK_Corona_Kino-150x150.jpg\" class=\"attachment-thumbnail size-thumbnail\" alt=\"\" \/><\/a>\n\t\t\t<\/dt><\/dl><br style=\"clear: both\" \/>\n\t\t<\/div>\n\n<p>Ein Kulturzentrum, das allen gesellschaftlichen Gruppen und Kulturformen offensteht, das das kulturelle Leben der Stadt erweitert und Auftrittsm\u00f6glichkeiten f\u00fcr kulturelle Initiativen in Stadt und Umland bietet, w\u00fcnschte sich der Vereinsvorstand im Oktober 1991.<br \/>\n&#8220;Kunst und Kultur ben\u00f6tigen f\u00fcr ihre Entfaltung einen Freiraum, der auch die M\u00f6glichkeit experimenteller und innovatorischer Ausdrucksformen, die freie Wahl kultureller Inhalte sowie deren freie k\u00fcnstlerische Gestaltung zul\u00e4\u00dft&#8221;, beschlo\u00df der Stadtrat bez\u00fcglich des Nutzungs- und Organisationskonzepts des Alten Kaufhauses im Dezember des gleichen Jahres.<\/p>\n\n\t\t<style type=\"text\/css\">\n\t\t\t#gallery-2 {\n\t\t\t\tmargin: auto;\n\t\t\t}\n\t\t\t#gallery-2 .gallery-item {\n\t\t\t\tfloat: left;\n\t\t\t\tmargin-top: 10px;\n\t\t\t\ttext-align: center;\n\t\t\t\twidth: 33%;\n\t\t\t}\n\t\t\t#gallery-2 img {\n\t\t\t\tborder: 2px solid #cfcfcf;\n\t\t\t}\n\t\t\t#gallery-2 .gallery-caption {\n\t\t\t\tmargin-left: 0;\n\t\t\t}\n\t\t\t\/* see gallery_shortcode() in wp-includes\/media.php *\/\n\t\t<\/style>\n\t\t<div id='gallery-2' class='gallery galleryid-100 gallery-columns-3 gallery-size-thumbnail'><dl class='gallery-item'>\n\t\t\t<dt class='gallery-icon landscape'>\n\t\t\t\t<a href='https:\/\/kulturzentrum-altstadt.de\/wp-content\/uploads\/2017\/09\/AK-006-1988.jpg'><img loading=\"lazy\" decoding=\"async\" width=\"150\" height=\"150\" src=\"https:\/\/kulturzentrum-altstadt.de\/wp-content\/uploads\/2017\/09\/AK-006-1988-150x150.jpg\" class=\"attachment-thumbnail size-thumbnail\" alt=\"\" aria-describedby=\"gallery-2-299\" \/><\/a>\n\t\t\t<\/dt>\n\t\t\t\t<dd class='wp-caption-text gallery-caption' id='gallery-2-299'>\n\t\t\t\tLandau, Altes Kaufhaus 1988\ncopyright by Karlheinz Schmeckenbecher, Unt. Hauptstr. 89, 68766 Hockenheim\n\t\t\t\t<\/dd><\/dl><dl class='gallery-item'>\n\t\t\t<dt class='gallery-icon landscape'>\n\t\t\t\t<a href='https:\/\/kulturzentrum-altstadt.de\/wp-content\/uploads\/2017\/09\/AK-004-1988.jpg'><img loading=\"lazy\" decoding=\"async\" width=\"150\" height=\"150\" src=\"https:\/\/kulturzentrum-altstadt.de\/wp-content\/uploads\/2017\/09\/AK-004-1988-150x150.jpg\" class=\"attachment-thumbnail size-thumbnail\" alt=\"\" aria-describedby=\"gallery-2-298\" \/><\/a>\n\t\t\t<\/dt>\n\t\t\t\t<dd class='wp-caption-text gallery-caption' id='gallery-2-298'>\n\t\t\t\tLandau, Altes Kaufhaus 1988\ncopyright by Karlheinz Schmeckenbecher, Unt. Hauptstr. 89, 68766 Hockenheim\n\t\t\t\t<\/dd><\/dl><dl class='gallery-item'>\n\t\t\t<dt class='gallery-icon landscape'>\n\t\t\t\t<a href='https:\/\/kulturzentrum-altstadt.de\/wp-content\/uploads\/2017\/09\/AK-003-1989.jpg'><img loading=\"lazy\" decoding=\"async\" width=\"150\" height=\"150\" src=\"https:\/\/kulturzentrum-altstadt.de\/wp-content\/uploads\/2017\/09\/AK-003-1989-150x150.jpg\" class=\"attachment-thumbnail size-thumbnail\" alt=\"\" aria-describedby=\"gallery-2-297\" \/><\/a>\n\t\t\t<\/dt>\n\t\t\t\t<dd class='wp-caption-text gallery-caption' id='gallery-2-297'>\n\t\t\t\tLandau, Altes Kaufhaus 1989 \ncopyright by Karlheinz Schmeckenbecher, Unt. Hauptstr. 89, 68766 Hockenheim\n\t\t\t\t<\/dd><\/dl><br style=\"clear: both\" \/>\n\t\t<\/div>\n\n<div align=\"left\">\n<p><span class=\"v_fliesstext\">Nun endlich steht der langersehnte, hart erk\u00e4mpfte &#8220;Freiraum&#8221; zur Verf\u00fcgung, der von Gr\u00f6\u00dfe und Ausstattung her in Landau eine L\u00fccke f\u00fcllt. Der Tr\u00e4gerverein &#8220;Kulturzentrum Altstadt&#8221; und alle weiteren kulturtreibenden Vereine, die Schulen, die Universit\u00e4t, Laientheater, Nachwuchs- und etablierte Gruppen k\u00f6nnen ihn sich f\u00fcr die Verwirklichung ihrer Ideen zu Nutze machen. Daneben wird die Stadt mit Veranstaltungen f\u00fcr verschiedene Zielgruppen zur Belebung beitragen. Die Aktivit\u00e4ten im Alten Kaufhaus sollen die Arbeit bestehender und bew\u00e4hrter freier Kulturinstitute erg\u00e4nzen. In gegenseitiger Absprache und Unterst\u00fctzung k\u00f6nnen die verschiedenen Kulturtr\u00e4ger eine &#8220;Kulturstadt Landau&#8221; schaffen, in der diejenigen gerne bleiben, die sonst in die Metropolen abwandern und andere gerne kommen, weil sie hier auf ein breites, von unterschiedlichen S\u00e4ulen getragenes Angebot sto\u00dfen.<\/span><\/p>\n<p>&nbsp;<\/p>\n\n\t\t<style type=\"text\/css\">\n\t\t\t#gallery-3 {\n\t\t\t\tmargin: auto;\n\t\t\t}\n\t\t\t#gallery-3 .gallery-item {\n\t\t\t\tfloat: left;\n\t\t\t\tmargin-top: 10px;\n\t\t\t\ttext-align: center;\n\t\t\t\twidth: 50%;\n\t\t\t}\n\t\t\t#gallery-3 img {\n\t\t\t\tborder: 2px solid #cfcfcf;\n\t\t\t}\n\t\t\t#gallery-3 .gallery-caption {\n\t\t\t\tmargin-left: 0;\n\t\t\t}\n\t\t\t\/* see gallery_shortcode() in wp-includes\/media.php *\/\n\t\t<\/style>\n\t\t<div id='gallery-3' class='gallery galleryid-100 gallery-columns-2 gallery-size-thumbnail'><dl class='gallery-item'>\n\t\t\t<dt class='gallery-icon landscape'>\n\t\t\t\t<a href='https:\/\/kulturzentrum-altstadt.de\/wp-content\/uploads\/2017\/09\/AK_OG_bestuhlt.jpg'><img loading=\"lazy\" decoding=\"async\" width=\"150\" height=\"150\" src=\"https:\/\/kulturzentrum-altstadt.de\/wp-content\/uploads\/2017\/09\/AK_OG_bestuhlt-150x150.jpg\" class=\"attachment-thumbnail size-thumbnail\" alt=\"\" \/><\/a>\n\t\t\t<\/dt><\/dl><dl class='gallery-item'>\n\t\t\t<dt class='gallery-icon landscape'>\n\t\t\t\t<a href='https:\/\/kulturzentrum-altstadt.de\/wp-content\/uploads\/2017\/09\/AK_Foyer.jpg'><img loading=\"lazy\" decoding=\"async\" width=\"150\" height=\"150\" src=\"https:\/\/kulturzentrum-altstadt.de\/wp-content\/uploads\/2017\/09\/AK_Foyer-150x150.jpg\" class=\"attachment-thumbnail size-thumbnail\" alt=\"\" \/><\/a>\n\t\t\t<\/dt><\/dl><br style=\"clear: both\" \/>\n\t\t<\/div>\n\n<p><span class=\"v_fliesstext\">Kultur wird erst durch Vielgestaltigkeit und die Beteiligung der verschiedensten Interessengruppen lebendig. In und mit dem Alten Kaufhaus wollen wir den vorhandenen und noch schlummernden Potentialen Raum zur Entfaltung geben.<\/span><\/p>\n<div align=\"left\">\n<p><span class=\"v_fliesstext\">Sabine Haas<br \/>\nKulturreferentin der Stadt Landau<\/span><\/p>\n<\/div>\n<\/div>\n","protected":false},"excerpt":{"rendered":"<p>Eingebettet zwischen Rathausplatz und Martha-Saalfeld-Platz ist das Alte Kaufhaus mit dem Frank-Loebschen Haus und der Katharinen-Kapelle zum kulturellen Dreh- und Angelpunkt inmitten der sanierten Altstadt geworden. Tanz, Theater, Kino, Feiern, Essen und Trinken &#8211; vielen Spielarten der Kultur diente das Alte Kaufhaus bereits im Laufe seiner Geschichte. F\u00fcr all dies und noch viel mehr kann [&hellip;]<\/p>\n","protected":false},"author":1,"featured_media":0,"parent":0,"menu_order":0,"comment_status":"closed","ping_status":"closed","template":"","meta":{"footnotes":""},"class_list":["post-100","page","type-page","status-publish","hentry","post"],"post_mailing_queue_ids":[],"_links":{"self":[{"href":"https:\/\/kulturzentrum-altstadt.de\/index.php?rest_route=\/wp\/v2\/pages\/100","targetHints":{"allow":["GET"]}}],"collection":[{"href":"https:\/\/kulturzentrum-altstadt.de\/index.php?rest_route=\/wp\/v2\/pages"}],"about":[{"href":"https:\/\/kulturzentrum-altstadt.de\/index.php?rest_route=\/wp\/v2\/types\/page"}],"author":[{"embeddable":true,"href":"https:\/\/kulturzentrum-altstadt.de\/index.php?rest_route=\/wp\/v2\/users\/1"}],"replies":[{"embeddable":true,"href":"https:\/\/kulturzentrum-altstadt.de\/index.php?rest_route=%2Fwp%2Fv2%2Fcomments&post=100"}],"version-history":[{"count":9,"href":"https:\/\/kulturzentrum-altstadt.de\/index.php?rest_route=\/wp\/v2\/pages\/100\/revisions"}],"predecessor-version":[{"id":314,"href":"https:\/\/kulturzentrum-altstadt.de\/index.php?rest_route=\/wp\/v2\/pages\/100\/revisions\/314"}],"wp:attachment":[{"href":"https:\/\/kulturzentrum-altstadt.de\/index.php?rest_route=%2Fwp%2Fv2%2Fmedia&parent=100"}],"curies":[{"name":"wp","href":"https:\/\/api.w.org\/{rel}","templated":true}]}}