{"id":128,"date":"2017-09-19T10:37:44","date_gmt":"2017-09-19T10:37:44","guid":{"rendered":"https:\/\/kulturzentrum-altstadt.de\/?page_id=128"},"modified":"2017-12-05T14:17:17","modified_gmt":"2017-12-05T14:17:17","slug":"map","status":"publish","type":"page","link":"https:\/\/kulturzentrum-altstadt.de\/?page_id=128","title":{"rendered":"Anfahrt\/Lageplan"},"content":{"rendered":"<div id=\"pl-128\"  class=\"panel-layout\" ><div id=\"pg-128-0\"  class=\"panel-grid panel-no-style\" ><div id=\"pgc-128-0-0\"  class=\"panel-grid-cell\" ><div id=\"panel-128-0-0-0\" class=\"so-panel widget widget_sow-editor panel-first-child panel-last-child\" data-index=\"0\" ><div\n\t\t\t\n\t\t\tclass=\"so-widget-sow-editor so-widget-sow-editor-base\"\n\t\t\t\n\t\t>\n<div class=\"siteorigin-widget-tinymce textwidget\">\n\t<p style=\"text-align: left;\">So finden sie uns: Altes Kaufhaus Landau<\/p>\n<p style=\"text-align: left;\"><iframe loading=\"lazy\" style=\"border: 0;\" src=\"https:\/\/www.google.com\/maps\/embed?pb=!1m18!1m12!1m3!1d2607.0930960049386!2d8.110521315528901!3d49.19879348463214!2m3!1f0!2f0!3f0!3m2!1i1024!2i768!4f13.1!3m3!1m2!1s0x479650f45dd5542f%3A0x51502a6de7a1981c!2sRathauspl.+9%2C+76829+Landau+in+der+Pfalz!5e0!3m2!1sde!2sde!4v1505146000402\" width=\"600\" height=\"450\" frameborder=\"0\" allowfullscreen=\"allowfullscreen\"><\/iframe><\/p>\n<\/div>\n<\/div><\/div><\/div><div id=\"pgc-128-0-1\"  class=\"panel-grid-cell\" ><div id=\"panel-128-0-1-0\" class=\"so-panel widget widget_sow-editor panel-first-child panel-last-child\" data-index=\"1\" ><div\n\t\t\t\n\t\t\tclass=\"so-widget-sow-editor so-widget-sow-editor-base\"\n\t\t\t\n\t\t>\n<div class=\"siteorigin-widget-tinymce textwidget\">\n\t<div align=\"left\"><\/div>\n<div align=\"left\">\n<p>Die Veranstaltungsst\u00e4tten Altes Kaufhaus und Frank-Loebsches Haus liegen direkt in der Innenstadt und k\u00f6nnen nicht mit dem Auto angefahren werden.<br \/>\nBitte benutzen Sie die Parkpl\u00e4tze \"Alter Me\u00dfplatz\" (Navi: Nordring 5) oder \"Parkhaus Waffenstra\u00dfe\" (Navi: Waffenstra\u00dfe 14).<br \/>\nDie Ein-und Ausfahrt ist rund um die Uhr m\u00f6glich.<br \/>\nBeide Parkm\u00f6glichkeiten sind ca. 5-10 Gehminuten von unseren Veranstaltungsst\u00e4tten entfernt.<\/p>\n<p>Anfahrt aus Mannheim, Ludwigshafen, Neustadt \u00fcber A65 kommend - Abfahrt Landau-Nord<\/p>\n<\/div>\n<div align=\"left\">Anfahrt aus Karlsruhe, Kandel \u00fcber A65 kommend - Abfahrt Landau-Zentrum<\/div>\n<div align=\"left\"><\/div>\n<div align=\"left\">Anfahrt aus Pirmasens, Dahn, Hauenstein \u00fcber B10 kommend - Abfahrt Landau-Mitte<\/div>\n<\/div>\n<\/div><\/div><\/div><\/div><\/div>","protected":false},"excerpt":{"rendered":"<p>So finden sie uns: Altes Kaufhaus Landau Die Veranstaltungsst\u00e4tten Altes Kaufhaus und Frank-Loebsches Haus liegen direkt in der Innenstadt und k\u00f6nnen nicht mit dem Auto angefahren werden. Bitte benutzen Sie die Parkpl\u00e4tze &#8220;Alter Me\u00dfplatz&#8221; (Navi: Nordring 5) oder &#8220;Parkhaus Waffenstra\u00dfe&#8221; (Navi: Waffenstra\u00dfe 14). Die Ein-und Ausfahrt ist rund um die Uhr m\u00f6glich. Beide Parkm\u00f6glichkeiten sind [&hellip;]<\/p>\n","protected":false},"author":1,"featured_media":0,"parent":0,"menu_order":0,"comment_status":"closed","ping_status":"closed","template":"","meta":{"footnotes":""},"class_list":["post-128","page","type-page","status-publish","hentry","post"],"post_mailing_queue_ids":[],"_links":{"self":[{"href":"https:\/\/kulturzentrum-altstadt.de\/index.php?rest_route=\/wp\/v2\/pages\/128","targetHints":{"allow":["GET"]}}],"collection":[{"href":"https:\/\/kulturzentrum-altstadt.de\/index.php?rest_route=\/wp\/v2\/pages"}],"about":[{"href":"https:\/\/kulturzentrum-altstadt.de\/index.php?rest_route=\/wp\/v2\/types\/page"}],"author":[{"embeddable":true,"href":"https:\/\/kulturzentrum-altstadt.de\/index.php?rest_route=\/wp\/v2\/users\/1"}],"replies":[{"embeddable":true,"href":"https:\/\/kulturzentrum-altstadt.de\/index.php?rest_route=%2Fwp%2Fv2%2Fcomments&post=128"}],"version-history":[{"count":59,"href":"https:\/\/kulturzentrum-altstadt.de\/index.php?rest_route=\/wp\/v2\/pages\/128\/revisions"}],"predecessor-version":[{"id":429,"href":"https:\/\/kulturzentrum-altstadt.de\/index.php?rest_route=\/wp\/v2\/pages\/128\/revisions\/429"}],"wp:attachment":[{"href":"https:\/\/kulturzentrum-altstadt.de\/index.php?rest_route=%2Fwp%2Fv2%2Fmedia&parent=128"}],"curies":[{"name":"wp","href":"https:\/\/api.w.org\/{rel}","templated":true}]}}