{"id":207,"date":"2017-09-19T10:24:37","date_gmt":"2017-09-19T10:24:37","guid":{"rendered":"https:\/\/kulturzentrum-altstadt.de\/?page_id=207"},"modified":"2022-06-07T07:00:19","modified_gmt":"2022-06-07T07:00:19","slug":"partner","status":"publish","type":"page","link":"https:\/\/kulturzentrum-altstadt.de\/?page_id=207","title":{"rendered":"Partner"},"content":{"rendered":"<p>Das Engagement der Sponsoren garantiert in Landau und der S\u00fcdpfalz einen Beitrag zu einem qualitativ hochwertigen Kulturangebot.<\/p>\n<p>Wenn auch Sie von der Imagest\u00e4rkung als Sponsor eines kulturellen Vereins profitieren m\u00f6chten, freuen wir uns \u00fcber Ihre Kontaktaufnahme.<\/p>\n<p>Das Kulturzentrum Altstadt bedankt sich bei seinen Sponsoren f\u00fcr die Unterst\u00fctzung:<\/p>\n<p>&nbsp;<\/p>\n","protected":false},"excerpt":{"rendered":"<p>Das Engagement der Sponsoren garantiert in Landau und der S\u00fcdpfalz einen Beitrag zu einem qualitativ hochwertigen Kulturangebot. Wenn auch Sie von der Imagest\u00e4rkung als Sponsor eines kulturellen Vereins profitieren m\u00f6chten, freuen wir uns \u00fcber Ihre Kontaktaufnahme. Das Kulturzentrum Altstadt bedankt sich bei seinen Sponsoren f\u00fcr die Unterst\u00fctzung: &nbsp;<\/p>\n","protected":false},"author":1,"featured_media":0,"parent":0,"menu_order":0,"comment_status":"closed","ping_status":"closed","template":"","meta":{"footnotes":""},"class_list":["post-207","page","type-page","status-publish","hentry","post"],"post_mailing_queue_ids":[],"_links":{"self":[{"href":"https:\/\/kulturzentrum-altstadt.de\/index.php?rest_route=\/wp\/v2\/pages\/207","targetHints":{"allow":["GET"]}}],"collection":[{"href":"https:\/\/kulturzentrum-altstadt.de\/index.php?rest_route=\/wp\/v2\/pages"}],"about":[{"href":"https:\/\/kulturzentrum-altstadt.de\/index.php?rest_route=\/wp\/v2\/types\/page"}],"author":[{"embeddable":true,"href":"https:\/\/kulturzentrum-altstadt.de\/index.php?rest_route=\/wp\/v2\/users\/1"}],"replies":[{"embeddable":true,"href":"https:\/\/kulturzentrum-altstadt.de\/index.php?rest_route=%2Fwp%2Fv2%2Fcomments&post=207"}],"version-history":[{"count":8,"href":"https:\/\/kulturzentrum-altstadt.de\/index.php?rest_route=\/wp\/v2\/pages\/207\/revisions"}],"predecessor-version":[{"id":1306,"href":"https:\/\/kulturzentrum-altstadt.de\/index.php?rest_route=\/wp\/v2\/pages\/207\/revisions\/1306"}],"wp:attachment":[{"href":"https:\/\/kulturzentrum-altstadt.de\/index.php?rest_route=%2Fwp%2Fv2%2Fmedia&parent=207"}],"curies":[{"name":"wp","href":"https:\/\/api.w.org\/{rel}","templated":true}]}}