{"id":2318,"date":"2025-06-16T09:25:47","date_gmt":"2025-06-16T09:25:47","guid":{"rendered":"https:\/\/kulturzentrum-altstadt.de\/?page_id=2318"},"modified":"2025-06-16T09:25:59","modified_gmt":"2025-06-16T09:25:59","slug":"rlp-titel-hier-bitte-3-2-2-2-2-2-2-2-2-3-2-2-2-2-2-2","status":"publish","type":"page","link":"https:\/\/kulturzentrum-altstadt.de\/?page_id=2318","title":{"rendered":"Geburtstag von Buddy Elias in Basel."},"content":{"rendered":"<p><strong>Gedenkfeier zum 100. Geburtstag von Buddy Elias.<\/strong><br \/>\nAm Donnerstag, 05.06.2025, fand im Theater Fauteuil, Basel, eine<br \/>\nGedenkfeier zu Ehren des 100. Geburtstages von Buddy Elias. Buddy<br \/>\nElias war der Cousin von Anne Frank. Die Bewahrung der Erinnerung an<br \/>\nseine ihm nahestehende Verwandte war ein bedeutender Teil seines<br \/>\nLebens. Dies f\u00fchrte ihn auch immer wieder nach Landau in das<br \/>\nWohnhaus der Gro\u00dfmutter von Anne Frank, das Frank-Loebsche-Haus.<br \/>\nDer Abend stand unter der lebhaften Erinnerung an einen gro\u00dfartigen<br \/>\nMenschen. Die Enkelin Hannah-Milena Elias f\u00fchrte durch den Abend.<br \/>\nLeyb Elias las aus dem Buch \u201eGr\u00fc\u00dfe und K\u00fcsse an alle, die Geschichte<br \/>\nder Familie von Anne Frank. Buddy Elias Witwe Gerti und ihr Sohn Oliver<br \/>\nerinnerten an den verstorbenen Ehemann und Vater. Wir sind stolz<br \/>\ndarauf, dass wir an dieser wichtigen Veranstaltung teilnehmen durften.<\/p>\n<p>Untertitel zu den Bildern:<br \/>\n1. Das \u201eTheater Fauteuil\u201c in Basel<br \/>\n2. v.l.n.r. Leyb Elias, Gerti Elias, Oliver Elias, Hannah-Milena Elias<br \/>\n3. musikalische Umrahmung durch Andi Schneider und Roger Morger<br \/>\n4. Leyb Elias liest aus \u201eGr\u00fc\u00dfe und K\u00fcsse an alle\u201c<br \/>\n5. herzliche Verbundenheit des Frank-Loebschen-Hauses Landau und<br \/>\nder Familie Elias<\/p>\n<p><a href=\"https:\/\/kulturzentrum-altstadt.de\/?page_id=2147\">&lt;&lt; zur\u00fcck<\/a><\/p>\n","protected":false},"excerpt":{"rendered":"<p>Gedenkfeier zum 100. Geburtstag von Buddy Elias. Am Donnerstag, 05.06.2025, fand im Theater Fauteuil, Basel, eine Gedenkfeier zu Ehren des 100. Geburtstages von Buddy Elias. Buddy Elias war der Cousin von Anne Frank. Die Bewahrung der Erinnerung an seine ihm nahestehende Verwandte war ein bedeutender Teil seines Lebens. Dies f\u00fchrte ihn auch immer wieder nach [&hellip;]<\/p>\n","protected":false},"author":1,"featured_media":0,"parent":0,"menu_order":0,"comment_status":"closed","ping_status":"closed","template":"templates\/template-full.php","meta":{"footnotes":""},"class_list":["post-2318","page","type-page","status-publish","hentry","post"],"post_mailing_queue_ids":[],"_links":{"self":[{"href":"https:\/\/kulturzentrum-altstadt.de\/index.php?rest_route=\/wp\/v2\/pages\/2318","targetHints":{"allow":["GET"]}}],"collection":[{"href":"https:\/\/kulturzentrum-altstadt.de\/index.php?rest_route=\/wp\/v2\/pages"}],"about":[{"href":"https:\/\/kulturzentrum-altstadt.de\/index.php?rest_route=\/wp\/v2\/types\/page"}],"author":[{"embeddable":true,"href":"https:\/\/kulturzentrum-altstadt.de\/index.php?rest_route=\/wp\/v2\/users\/1"}],"replies":[{"embeddable":true,"href":"https:\/\/kulturzentrum-altstadt.de\/index.php?rest_route=%2Fwp%2Fv2%2Fcomments&post=2318"}],"version-history":[{"count":4,"href":"https:\/\/kulturzentrum-altstadt.de\/index.php?rest_route=\/wp\/v2\/pages\/2318\/revisions"}],"predecessor-version":[{"id":2323,"href":"https:\/\/kulturzentrum-altstadt.de\/index.php?rest_route=\/wp\/v2\/pages\/2318\/revisions\/2323"}],"wp:attachment":[{"href":"https:\/\/kulturzentrum-altstadt.de\/index.php?rest_route=%2Fwp%2Fv2%2Fmedia&parent=2318"}],"curies":[{"name":"wp","href":"https:\/\/api.w.org\/{rel}","templated":true}]}}