{"id":2412,"date":"2025-08-29T06:49:08","date_gmt":"2025-08-29T06:49:08","guid":{"rendered":"https:\/\/kulturzentrum-altstadt.de\/?page_id=2412"},"modified":"2025-08-29T06:49:08","modified_gmt":"2025-08-29T06:49:08","slug":"rlp-titel-hier-bitte-3-2-2-2-2-2-2-2-2-3-2-2-2-2-2-3-2-2-2-2-2","status":"publish","type":"page","link":"https:\/\/kulturzentrum-altstadt.de\/?page_id=2412","title":{"rendered":"Besuch von Hannah und Leyb Elias am 05.08.2025"},"content":{"rendered":"<p><strong>Zwei ganz besondere G\u00e4ste<\/strong><\/p>\n<p>Am 05.08.2025 besuchten uns Hannah und Leyb Elias. Die beiden sind die Ururenkel von Michael Frank, der im Frank-Loebschen-Haus in Landau aufwuchs und, der auch der Gro\u00dfvater von Anne Frank war. Die Familiengeschichte der Franks und Elias hat eine ihrer Wurzeln in Landau. So war es ein interessierter und sehr pers\u00f6nlicher Besuch der beiden. Begleitet von einigen Vereinsmitgliedern und gekonnt gef\u00fchrt durch Hans-Dieter Schlimmer erlebten wir gemeinsam das Frank-Loebsche-Haus, mit der st\u00e4ndigen Ausstellung \u00fcber die Geschichte der Juden in Landau und das Alte Kaufhaus. Die anschlie\u00dfende Stadtf\u00fchrung begann in der Katharinenkapelle, der Judengasse (Theaterstra\u00dfe) und ging \u00fcber die Stolpersteine in der Markt- und Reiterstra\u00dfe bis zum Synagogendenkmal. Nach einem Abstecher auf den j\u00fcdischen Friedhof klang der Abend in der Weinstube \u201eZur Blum\u201c aus. Der Tag war gespickt mit Erinnerungen an die Familiengeschichte und ihre Ber\u00fchrungspunkte mit Landau. Zur Erinnerung an einen bewegenden und emotionalen Tag \u00fcberreicht Christian Leonhardt eine von Thomas Engelberg und Fred Hammer gestaltete Collage des Frank-Loebschen-Hauses.<\/p>\n<p>Christian Leonhardt<\/p>\n<p><a href=\"https:\/\/kulturzentrum-altstadt.de\/?page_id=2147\">&lt;&lt; zur\u00fcck<\/a><\/p>\n","protected":false},"excerpt":{"rendered":"<p>Zwei ganz besondere G\u00e4ste Am 05.08.2025 besuchten uns Hannah und Leyb Elias. Die beiden sind die Ururenkel von Michael Frank, der im Frank-Loebschen-Haus in Landau aufwuchs und, der auch der Gro\u00dfvater von Anne Frank war. Die Familiengeschichte der Franks und Elias hat eine ihrer Wurzeln in Landau. So war es ein interessierter und sehr pers\u00f6nlicher [&hellip;]<\/p>\n","protected":false},"author":1,"featured_media":0,"parent":0,"menu_order":0,"comment_status":"closed","ping_status":"closed","template":"templates\/template-full.php","meta":{"footnotes":""},"class_list":["post-2412","page","type-page","status-publish","hentry","post"],"post_mailing_queue_ids":[],"_links":{"self":[{"href":"https:\/\/kulturzentrum-altstadt.de\/index.php?rest_route=\/wp\/v2\/pages\/2412","targetHints":{"allow":["GET"]}}],"collection":[{"href":"https:\/\/kulturzentrum-altstadt.de\/index.php?rest_route=\/wp\/v2\/pages"}],"about":[{"href":"https:\/\/kulturzentrum-altstadt.de\/index.php?rest_route=\/wp\/v2\/types\/page"}],"author":[{"embeddable":true,"href":"https:\/\/kulturzentrum-altstadt.de\/index.php?rest_route=\/wp\/v2\/users\/1"}],"replies":[{"embeddable":true,"href":"https:\/\/kulturzentrum-altstadt.de\/index.php?rest_route=%2Fwp%2Fv2%2Fcomments&post=2412"}],"version-history":[{"count":2,"href":"https:\/\/kulturzentrum-altstadt.de\/index.php?rest_route=\/wp\/v2\/pages\/2412\/revisions"}],"predecessor-version":[{"id":2464,"href":"https:\/\/kulturzentrum-altstadt.de\/index.php?rest_route=\/wp\/v2\/pages\/2412\/revisions\/2464"}],"wp:attachment":[{"href":"https:\/\/kulturzentrum-altstadt.de\/index.php?rest_route=%2Fwp%2Fv2%2Fmedia&parent=2412"}],"curies":[{"name":"wp","href":"https:\/\/api.w.org\/{rel}","templated":true}]}}