{"id":2515,"date":"2025-11-11T08:26:59","date_gmt":"2025-11-11T08:26:59","guid":{"rendered":"https:\/\/kulturzentrum-altstadt.de\/?page_id=2515"},"modified":"2025-11-11T08:26:59","modified_gmt":"2025-11-11T08:26:59","slug":"rlp-titel-hier-bitte-3-2-2-2-2-2-2-2-2-3-2-2-2-2-2-3-2-2-2-3-2-2-2","status":"publish","type":"page","link":"https:\/\/kulturzentrum-altstadt.de\/?page_id=2515","title":{"rendered":"Eine Begegnung im Gasthaus, die alles ver\u00e4ndert Buch: Stefan Vogel"},"content":{"rendered":"<p>Regie: Franz Xaver Ott<br \/>\nMit Martin Olbertz, Peter Hofermayer, Franz Xaver Ott<br \/>\nTheater Lindenhof<\/p>\n<p>Chaim Eisenberg, Israeli mit deutschen Wurzeln, kommt zum wiederholten Male zum Wandern ins Schwabenland. In dasselbe Dorf, in denselben Gasthof. Doch eines fehlt ihm in der Idylle: ein ad\u00e4quater Schachpartner. Laut Gastwirt Martin kommt daf\u00fcr nur einer infrage: der Bauer Adolf. Obwohl der Name bei Chaim Skepsis ausl\u00f6st, l\u00e4sst er sich auf die Schachpartie ein, und Adolf entpuppt sich als kluger und schlagfertiger Partner mit Witz und Humor.<br \/>\nMit dem gemeinsamen Spiel, welches von Gastwirt Martin aufmerksam verfolgt wird, beginnt gleichzeitig eine Spurensuche in der Vergangenheit. Verbindet die beiden etwa mehr als die Liebe f\u00fcr Springer, Bauer und K\u00f6nig? Mit leichter, spielerischer Hand wird eine einzigartige Liebesgeschichte aus den Wirren des Zweiten Weltkriegs erz\u00e4hlt, die bis heute wirkt und in welche die beiden Schachspieler durch ihre Vorfahren verwoben sind. Das witzige, spannungsreiche und vers\u00f6hnliche St\u00fcck von Stefan Vogel wurde 2019 mit dem Monica-Bleibtreu-Publikumspreis ausgezeichnet.<br \/>\nDiese Veranstaltung hat in Kooperation von Kulturzentrum Altstadt e. V. und Kulturb\u00fcro Landau in der Pfalz stattgefunden<\/p>\n<p><a href=\"https:\/\/kulturzentrum-altstadt.de\/?page_id=2147\">&lt;&lt; zur\u00fcck<\/a><\/p>\n","protected":false},"excerpt":{"rendered":"<p>Regie: Franz Xaver Ott Mit Martin Olbertz, Peter Hofermayer, Franz Xaver Ott Theater Lindenhof Chaim Eisenberg, Israeli mit deutschen Wurzeln, kommt zum wiederholten Male zum Wandern ins Schwabenland. In dasselbe Dorf, in denselben Gasthof. Doch eines fehlt ihm in der Idylle: ein ad\u00e4quater Schachpartner. Laut Gastwirt Martin kommt daf\u00fcr nur einer infrage: der Bauer Adolf. [&hellip;]<\/p>\n","protected":false},"author":1,"featured_media":0,"parent":0,"menu_order":0,"comment_status":"closed","ping_status":"closed","template":"templates\/template-full.php","meta":{"footnotes":""},"class_list":["post-2515","page","type-page","status-publish","hentry","post"],"post_mailing_queue_ids":[],"_links":{"self":[{"href":"https:\/\/kulturzentrum-altstadt.de\/index.php?rest_route=\/wp\/v2\/pages\/2515","targetHints":{"allow":["GET"]}}],"collection":[{"href":"https:\/\/kulturzentrum-altstadt.de\/index.php?rest_route=\/wp\/v2\/pages"}],"about":[{"href":"https:\/\/kulturzentrum-altstadt.de\/index.php?rest_route=\/wp\/v2\/types\/page"}],"author":[{"embeddable":true,"href":"https:\/\/kulturzentrum-altstadt.de\/index.php?rest_route=\/wp\/v2\/users\/1"}],"replies":[{"embeddable":true,"href":"https:\/\/kulturzentrum-altstadt.de\/index.php?rest_route=%2Fwp%2Fv2%2Fcomments&post=2515"}],"version-history":[{"count":1,"href":"https:\/\/kulturzentrum-altstadt.de\/index.php?rest_route=\/wp\/v2\/pages\/2515\/revisions"}],"predecessor-version":[{"id":2516,"href":"https:\/\/kulturzentrum-altstadt.de\/index.php?rest_route=\/wp\/v2\/pages\/2515\/revisions\/2516"}],"wp:attachment":[{"href":"https:\/\/kulturzentrum-altstadt.de\/index.php?rest_route=%2Fwp%2Fv2%2Fmedia&parent=2515"}],"curies":[{"name":"wp","href":"https:\/\/api.w.org\/{rel}","templated":true}]}}