{"id":278,"date":"2017-09-20T09:34:15","date_gmt":"2017-09-20T09:34:15","guid":{"rendered":"https:\/\/kulturzentrum-altstadt.de\/?page_id=278"},"modified":"2022-06-24T12:25:27","modified_gmt":"2022-06-24T12:25:27","slug":"impressum","status":"publish","type":"page","link":"https:\/\/kulturzentrum-altstadt.de\/?page_id=278","title":{"rendered":"Impressum"},"content":{"rendered":"<p><strong>Betreiber<\/strong><\/p>\n<p><span style=\"color: #525252;\">Kulturzentrum Altstadt e.V.<br \/>\nBoelckestra\u00dfe 29<br \/>\n76829 Landau<\/p>\n<p><\/span><\/p>\n<p><span style=\"color: #525252;\">Vorsitzender: Christian Leonhardt<br \/>\nStellv. Vorsitzender: Werner Kuntz<\/span><\/p>\n<p><span style=\"color: #525252;\">info@kulturzentrum-altstadt.de<br \/>\nwww.kulturzentrum-altstadt.de<\/span><\/p>\n<p><strong>Bildnachweis<\/strong><\/p>\n<div align=\"left\">\n<p>Quellen: Stadtholding Landau in der Pfalz GmbH, Stadtarchiv<br \/>\n<span style=\"color: #525252;\">Fotos: Karlheinz Schmeckenbecher, Paul van Schie, Hans-Georg Merkel<\/span>, Thomas Engelberg<\/p>\n<div align=\"left\">\n<p><strong>Markenverzeichnis<\/strong><\/p>\n<p><span style=\"color: #525252;\">Soweit nicht anders angegeben, sind alle genannten Markenzeichen markenrechtlich gesch\u00fctzt und Eigentum der jeweiligen Markeninhaber.<\/span><\/p>\n<\/div>\n<\/div>\n<p><b>Allgemeines<\/b><\/p>\n<p><span style=\"color: #525252;\">Der Schutz Ihrer privaten Daten ist uns ein besonderes Anliegen.<br \/>\nPers\u00f6nliche Daten, die beim Besuch unserer Webseiten erhoben<br \/>\nworden sind, werden nach den jeweils aktuellen, datenschutz-<br \/>\nrechtlichen Bestimmungen verarbeitet.<\/span><\/p>\n<p><strong>Haftungshinweis<\/strong><\/p>\n<p><span style=\"color: #525252;\">Trotz sorgf\u00e4ltiger inhaltlicher Kontrolle \u00fcbernehmen wir keine Haftung<br \/>\nf\u00fcr die Inhalte externer Links. F\u00fcr den Inhalt der verlinkten Seiten sind ausschlie\u00dflich deren Betreiber verantwortlich.<\/span><\/p>\n<p><a href=\"https:\/\/kulturzentrum-altstadt.de\/?page_id=284\"><strong>Haftungsausschlu\u00df \/ Disclaimer<\/strong><\/a><\/p>\n","protected":false},"excerpt":{"rendered":"<p>Betreiber Kulturzentrum Altstadt e.V. Boelckestra\u00dfe 29 76829 Landau Vorsitzender: Christian Leonhardt Stellv. Vorsitzender: Werner Kuntz info@kulturzentrum-altstadt.de www.kulturzentrum-altstadt.de Bildnachweis Quellen: Stadtholding Landau in der Pfalz GmbH, Stadtarchiv Fotos: Karlheinz Schmeckenbecher, Paul van Schie, Hans-Georg Merkel, Thomas Engelberg Markenverzeichnis Soweit nicht anders angegeben, sind alle genannten Markenzeichen markenrechtlich gesch\u00fctzt und Eigentum der jeweiligen Markeninhaber. Allgemeines Der Schutz [&hellip;]<\/p>\n","protected":false},"author":1,"featured_media":0,"parent":0,"menu_order":0,"comment_status":"closed","ping_status":"closed","template":"","meta":{"footnotes":""},"class_list":["post-278","page","type-page","status-publish","hentry","post"],"post_mailing_queue_ids":[],"_links":{"self":[{"href":"https:\/\/kulturzentrum-altstadt.de\/index.php?rest_route=\/wp\/v2\/pages\/278","targetHints":{"allow":["GET"]}}],"collection":[{"href":"https:\/\/kulturzentrum-altstadt.de\/index.php?rest_route=\/wp\/v2\/pages"}],"about":[{"href":"https:\/\/kulturzentrum-altstadt.de\/index.php?rest_route=\/wp\/v2\/types\/page"}],"author":[{"embeddable":true,"href":"https:\/\/kulturzentrum-altstadt.de\/index.php?rest_route=\/wp\/v2\/users\/1"}],"replies":[{"embeddable":true,"href":"https:\/\/kulturzentrum-altstadt.de\/index.php?rest_route=%2Fwp%2Fv2%2Fcomments&post=278"}],"version-history":[{"count":6,"href":"https:\/\/kulturzentrum-altstadt.de\/index.php?rest_route=\/wp\/v2\/pages\/278\/revisions"}],"predecessor-version":[{"id":1309,"href":"https:\/\/kulturzentrum-altstadt.de\/index.php?rest_route=\/wp\/v2\/pages\/278\/revisions\/1309"}],"wp:attachment":[{"href":"https:\/\/kulturzentrum-altstadt.de\/index.php?rest_route=%2Fwp%2Fv2%2Fmedia&parent=278"}],"curies":[{"name":"wp","href":"https:\/\/api.w.org\/{rel}","templated":true}]}}