{"id":418,"date":"2017-12-05T14:11:59","date_gmt":"2017-12-05T14:11:59","guid":{"rendered":"https:\/\/kulturzentrum-altstadt.de\/?page_id=418"},"modified":"2026-02-10T11:36:00","modified_gmt":"2026-02-10T11:36:00","slug":"kartenvorverkauf","status":"publish","type":"page","link":"https:\/\/kulturzentrum-altstadt.de\/?page_id=418","title":{"rendered":"Tickets"},"content":{"rendered":"<p><strong>Vorverkauf:<\/strong><br \/>\n&#8211; Beethoven Apotheke, Markstra\u00dfe 108, Landau<\/p>\n<p>&#8211; Ferdinands Tabaccorista, K\u00f6nigstra\u00dfe 11, Landau<\/p>\n<p>&#8211; Bei allen bekannten Vorverkaufsstellen sowie in den Rheinpfalz Gesch\u00e4ftsstellen<\/p>\n<p><strong>Tickets Online:<\/strong><br \/>\n<a href=\"https:\/\/shop.reservix.de\/off\/login_check.php?id=c6ec16e8cf3cd5077514ebef590a1f763d4616b372ef8900411779bf6bedf213&amp;vID=10100\" target=\"_blank\" rel=\"noopener\">Reservix.de<\/a><\/p>\n<p><strong>Abendkasse<\/strong>:<br \/>\nBei allen Veranstaltungen ist die Abendkasse eine Stunde vor Veranstaltungsbeginn ge\u00f6ffnet<\/p>\n<p><b>Erm\u00e4ssigter Eintritt <\/b>\u00a0(Mitglieder, Studenten, Schwerbehinderte) gibt es nur gegen<br \/>\nVorlage eines entsprechenden Ausweises<\/p>\n<p><b>Reihe \u201eSonntags um f\u00fcnf\u201c<\/b><\/p>\n<p>F\u00fcr die Veranstaltungsreihe Sonntags um f\u00fcnf<b> <\/b>gibt es <u>keinen<\/u> Kartenvorverkauf auf Reservix<\/p>\n<p>Eintrittskarten f\u00fcr diese Veranstaltungsreihe gibt es ausschlie\u00dflich in der Beethoven Apotheke in der Markstra\u00dfe 108 in Landau oder per E-Mail Kartenreservierungen an:<\/p>\n<p><a href=\"mailto:karten@kulturzentrum-altstadt.de\">karten@kulturzentrum-altstadt.de<\/a><\/p>\n","protected":false},"excerpt":{"rendered":"<p>Vorverkauf: &#8211; Beethoven Apotheke, Markstra\u00dfe 108, Landau &#8211; Ferdinands Tabaccorista, K\u00f6nigstra\u00dfe 11, Landau &#8211; Bei allen bekannten Vorverkaufsstellen sowie in den Rheinpfalz Gesch\u00e4ftsstellen Tickets Online: Reservix.de Abendkasse: Bei allen Veranstaltungen ist die Abendkasse eine Stunde vor Veranstaltungsbeginn ge\u00f6ffnet Erm\u00e4ssigter Eintritt \u00a0(Mitglieder, Studenten, Schwerbehinderte) gibt es nur gegen Vorlage eines entsprechenden Ausweises Reihe \u201eSonntags um f\u00fcnf\u201c [&hellip;]<\/p>\n","protected":false},"author":1,"featured_media":0,"parent":0,"menu_order":0,"comment_status":"closed","ping_status":"closed","template":"","meta":{"footnotes":""},"class_list":["post-418","page","type-page","status-publish","hentry","post"],"post_mailing_queue_ids":[],"_links":{"self":[{"href":"https:\/\/kulturzentrum-altstadt.de\/index.php?rest_route=\/wp\/v2\/pages\/418","targetHints":{"allow":["GET"]}}],"collection":[{"href":"https:\/\/kulturzentrum-altstadt.de\/index.php?rest_route=\/wp\/v2\/pages"}],"about":[{"href":"https:\/\/kulturzentrum-altstadt.de\/index.php?rest_route=\/wp\/v2\/types\/page"}],"author":[{"embeddable":true,"href":"https:\/\/kulturzentrum-altstadt.de\/index.php?rest_route=\/wp\/v2\/users\/1"}],"replies":[{"embeddable":true,"href":"https:\/\/kulturzentrum-altstadt.de\/index.php?rest_route=%2Fwp%2Fv2%2Fcomments&post=418"}],"version-history":[{"count":18,"href":"https:\/\/kulturzentrum-altstadt.de\/index.php?rest_route=\/wp\/v2\/pages\/418\/revisions"}],"predecessor-version":[{"id":2650,"href":"https:\/\/kulturzentrum-altstadt.de\/index.php?rest_route=\/wp\/v2\/pages\/418\/revisions\/2650"}],"wp:attachment":[{"href":"https:\/\/kulturzentrum-altstadt.de\/index.php?rest_route=%2Fwp%2Fv2%2Fmedia&parent=418"}],"curies":[{"name":"wp","href":"https:\/\/api.w.org\/{rel}","templated":true}]}}